{"id":1405,"date":"2023-05-02T10:31:16","date_gmt":"2023-05-02T07:31:16","guid":{"rendered":"http:\/\/localhost\/demo_website_yapimi\/?page_id=1405"},"modified":"2025-06-12T11:12:33","modified_gmt":"2025-06-12T08:12:33","slug":"formlar-ve-belgeler","status":"publish","type":"page","link":"https:\/\/bilgelikprogrami.com\/en\/formlar-ve-belgeler\/","title":{"rendered":"Forms and Documents"},"content":{"rendered":"\t\t<div data-elementor-type=\"wp-page\" data-elementor-id=\"1405\" class=\"elementor elementor-1405\">\n\t\t\t\t\t\t\t<div class=\"elementor-element elementor-element-8a4b325 e-con-boxed e-con\" data-id=\"8a4b325\" data-element_type=\"container\" data-settings=\"{&quot;background_background&quot;:&quot;classic&quot;,&quot;content_width&quot;:&quot;boxed&quot;}\">\n\t\t\t\t\t<div class=\"e-con-inner\">\n\t\t\t\t<div class=\"elementor-element elementor-element-3418044 elementor-widget elementor-widget-heading\" data-id=\"3418044\" data-element_type=\"widget\" data-widget_type=\"heading.default\">\n\t\t\t\t<div class=\"elementor-widget-container\">\n\t\t\t<style>\/*! elementor - v3.12.2 - 23-04-2023 *\/\n.elementor-heading-title{padding:0;margin:0;line-height:1}.elementor-widget-heading .elementor-heading-title[class*=elementor-size-]>a{color:inherit;font-size:inherit;line-height:inherit}.elementor-widget-heading .elementor-heading-title.elementor-size-small{font-size:15px}.elementor-widget-heading .elementor-heading-title.elementor-size-medium{font-size:19px}.elementor-widget-heading .elementor-heading-title.elementor-size-large{font-size:29px}.elementor-widget-heading .elementor-heading-title.elementor-size-xl{font-size:39px}.elementor-widget-heading .elementor-heading-title.elementor-size-xxl{font-size:59px}<\/style><h2 class=\"elementor-heading-title elementor-size-default\">Forms and Documents<\/h2>\t\t<\/div>\n\t\t\t\t<\/div>\n\t\t\t\t\t<\/div>\n\t\t\t\t<\/div>\n\t\t<div class=\"elementor-element elementor-element-0e789b1 e-con-boxed e-con\" data-id=\"0e789b1\" data-element_type=\"container\" data-settings=\"{&quot;content_width&quot;:&quot;boxed&quot;}\">\n\t\t\t\t\t<div class=\"e-con-inner\">\n\t\t\t\t<div class=\"elementor-element elementor-element-08fd34c elementor-mobile-align-center elementor-button-info elementor-widget elementor-widget-button\" data-id=\"08fd34c\" data-element_type=\"widget\" data-widget_type=\"button.default\">\n\t\t\t\t<div class=\"elementor-widget-container\">\n\t\t\t\t\t<div class=\"elementor-button-wrapper\">\n\t\t\t<a href=\"https:\/\/bilgelikprogrami.com\/wp-content\/uploads\/2023\/05\/bilgelik_programi_taahhutname-1-1.docx\" class=\"elementor-button-link elementor-button elementor-size-lg\" role=\"button\">\n\t\t\t\t\t\t<span class=\"elementor-button-content-wrapper\">\n\t\t\t\t\t\t<span class=\"elementor-button-text\">Bilgelik Program\u0131 Taahh\u00fctname<\/span>\n\t\t<\/span>\n\t\t\t\t\t<\/a>\n\t\t<\/div>\n\t\t\t\t<\/div>\n\t\t\t\t<\/div>\n\t\t\t\t<div class=\"elementor-element elementor-element-cfe5f60 elementor-mobile-align-center elementor-button-info elementor-widget elementor-widget-button\" data-id=\"cfe5f60\" data-element_type=\"widget\" data-widget_type=\"button.default\">\n\t\t\t\t<div class=\"elementor-widget-container\">\n\t\t\t\t\t<div class=\"elementor-button-wrapper\">\n\t\t\t<a href=\"https:\/\/bilgelikprogrami.com\/wp-content\/uploads\/2023\/05\/bilgelik_programi_KVKK_aydinlatma_metni-1-1.docx\" class=\"elementor-button-link elementor-button elementor-size-lg\" role=\"button\">\n\t\t\t\t\t\t<span class=\"elementor-button-content-wrapper\">\n\t\t\t\t\t\t<span class=\"elementor-button-text\">Bilgelik Program\u0131 KVKK Ayd\u0131nlatma Metni<\/span>\n\t\t<\/span>\n\t\t\t\t\t<\/a>\n\t\t<\/div>\n\t\t\t\t<\/div>\n\t\t\t\t<\/div>\n\t\t\t\t<div class=\"elementor-element elementor-element-5af95c6 elementor-mobile-align-center elementor-button-info elementor-widget elementor-widget-button\" data-id=\"5af95c6\" data-element_type=\"widget\" data-widget_type=\"button.default\">\n\t\t\t\t<div class=\"elementor-widget-container\">\n\t\t\t\t\t<div class=\"elementor-button-wrapper\">\n\t\t\t<a href=\"https:\/\/bilgelikprogrami.com\/wp-content\/uploads\/2023\/05\/bilgelik_programi_kayit_formu-1-1.docx\" class=\"elementor-button-link elementor-button elementor-size-lg\" role=\"button\">\n\t\t\t\t\t\t<span class=\"elementor-button-content-wrapper\">\n\t\t\t\t\t\t<span class=\"elementor-button-text\">Bilgelik Program\u0131 Kay\u0131t Formu<\/span>\n\t\t<\/span>\n\t\t\t\t\t<\/a>\n\t\t<\/div>\n\t\t\t\t<\/div>\n\t\t\t\t<\/div>\n\t\t\t\t<div class=\"elementor-element elementor-element-18bc32a elementor-mobile-align-center elementor-button-info elementor-widget elementor-widget-button\" data-id=\"18bc32a\" data-element_type=\"widget\" data-widget_type=\"button.default\">\n\t\t\t\t<div class=\"elementor-widget-container\">\n\t\t\t\t\t<div class=\"elementor-button-wrapper\">\n\t\t\t<a href=\"https:\/\/bilgelikprogrami.com\/wp-content\/uploads\/2023\/05\/bilgelik_programi_uygulama_esaslari-1-1.docx\" class=\"elementor-button-link elementor-button elementor-size-lg\" role=\"button\">\n\t\t\t\t\t\t<span class=\"elementor-button-content-wrapper\">\n\t\t\t\t\t\t<span class=\"elementor-button-text\">Bilgelik Program\u0131 Uygulama Esaslar\u0131<\/span>\n\t\t<\/span>\n\t\t\t\t\t<\/a>\n\t\t<\/div>\n\t\t\t\t<\/div>\n\t\t\t\t<\/div>\n\t\t\t\t\t<\/div>\n\t\t\t\t<\/div>\n\t\t<div class=\"elementor-element elementor-element-544308c e-con-boxed e-con\" data-id=\"544308c\" data-element_type=\"container\" data-settings=\"{&quot;content_width&quot;:&quot;boxed&quot;}\">\n\t\t\t\t\t<div class=\"e-con-inner\">\n\t\t\t\t\t<\/div>\n\t\t\t\t<\/div>\n\t\t\t\t\t\t\t<\/div>\n\t\t","protected":false},"excerpt":{"rendered":"<p>Forms and Documents Bilgelik Program\u0131 Taahh\u00fctname Bilgelik Program\u0131 KVKK Ayd\u0131nlatma Metni Bilgelik Program\u0131 Kay\u0131t Formu Bilgelik Program\u0131 Uygulama Esaslar\u0131<\/p>\n","protected":false},"author":1,"featured_media":0,"parent":0,"menu_order":0,"comment_status":"closed","ping_status":"closed","template":"","meta":{"footnotes":""},"class_list":["post-1405","page","type-page","status-publish","hentry"],"blocksy_meta":{"has_hero_section":"disabled"},"_links":{"self":[{"href":"https:\/\/bilgelikprogrami.com\/en\/wp-json\/wp\/v2\/pages\/1405","targetHints":{"allow":["GET"]}}],"collection":[{"href":"https:\/\/bilgelikprogrami.com\/en\/wp-json\/wp\/v2\/pages"}],"about":[{"href":"https:\/\/bilgelikprogrami.com\/en\/wp-json\/wp\/v2\/types\/page"}],"author":[{"embeddable":true,"href":"https:\/\/bilgelikprogrami.com\/en\/wp-json\/wp\/v2\/users\/1"}],"replies":[{"embeddable":true,"href":"https:\/\/bilgelikprogrami.com\/en\/wp-json\/wp\/v2\/comments?post=1405"}],"version-history":[{"count":29,"href":"https:\/\/bilgelikprogrami.com\/en\/wp-json\/wp\/v2\/pages\/1405\/revisions"}],"predecessor-version":[{"id":2162,"href":"https:\/\/bilgelikprogrami.com\/en\/wp-json\/wp\/v2\/pages\/1405\/revisions\/2162"}],"wp:attachment":[{"href":"https:\/\/bilgelikprogrami.com\/en\/wp-json\/wp\/v2\/media?parent=1405"}],"curies":[{"name":"wp","href":"https:\/\/api.w.org\/{rel}","templated":true}]}}