{"id":1815,"date":"2023-08-07T14:17:18","date_gmt":"2023-08-07T11:17:18","guid":{"rendered":"https:\/\/bilgelikprogrami.com\/?page_id=1815"},"modified":"2023-11-01T08:30:25","modified_gmt":"2023-11-01T05:30:25","slug":"ogrencilerimizden-gelen-mesajlar","status":"publish","type":"page","link":"https:\/\/bilgelikprogrami.com\/en\/ogrencilerimizden-gelen-mesajlar\/","title":{"rendered":"Messages From Our Students"},"content":{"rendered":"\t\t<div data-elementor-type=\"wp-page\" data-elementor-id=\"1815\" class=\"elementor elementor-1815\">\n\t\t\t\t\t\t\t<div class=\"elementor-element elementor-element-54f1cdf e-con-boxed e-con\" data-id=\"54f1cdf\" data-element_type=\"container\" data-settings=\"{&quot;background_background&quot;:&quot;classic&quot;,&quot;content_width&quot;:&quot;boxed&quot;}\">\n\t\t\t\t\t<div class=\"e-con-inner\">\n\t\t\t\t<div class=\"elementor-element elementor-element-ed1b330 elementor-widget elementor-widget-heading\" data-id=\"ed1b330\" data-element_type=\"widget\" data-widget_type=\"heading.default\">\n\t\t\t\t<div class=\"elementor-widget-container\">\n\t\t\t<style>\/*! elementor - v3.12.2 - 23-04-2023 *\/\n.elementor-heading-title{padding:0;margin:0;line-height:1}.elementor-widget-heading .elementor-heading-title[class*=elementor-size-]>a{color:inherit;font-size:inherit;line-height:inherit}.elementor-widget-heading .elementor-heading-title.elementor-size-small{font-size:15px}.elementor-widget-heading .elementor-heading-title.elementor-size-medium{font-size:19px}.elementor-widget-heading .elementor-heading-title.elementor-size-large{font-size:29px}.elementor-widget-heading .elementor-heading-title.elementor-size-xl{font-size:39px}.elementor-widget-heading .elementor-heading-title.elementor-size-xxl{font-size:59px}<\/style><h2 class=\"elementor-heading-title elementor-size-default\">Messages From Our Students<\/h2>\t\t<\/div>\n\t\t\t\t<\/div>\n\t\t\t\t\t<\/div>\n\t\t\t\t<\/div>\n\t\t<div class=\"elementor-element elementor-element-b07be3c e-con-boxed e-con\" data-id=\"b07be3c\" data-element_type=\"container\" data-settings=\"{&quot;content_width&quot;:&quot;boxed&quot;}\">\n\t\t\t\t\t<div class=\"e-con-inner\">\n\t\t\t\t<div class=\"elementor-element elementor-element-3ea4fa8 elementor-widget elementor-widget-shortcode\" data-id=\"3ea4fa8\" data-element_type=\"widget\" data-widget_type=\"shortcode.default\">\n\t\t\t\t<div class=\"elementor-widget-container\">\n\t\t\t\t\t<div class=\"elementor-shortcode\"><div class=\"ct-posts-shortcode\" data-prefix=\"blog\"><div class=\"entries\" data-archive=\"default\" data-layout=\"grid\" data-cards=\"boxed\"  ><article id=\"post-1567\" class=\"entry-card post-1567 post type-post status-publish format-standard has-post-thumbnail hentry category-ogrenciler\" ><a class=\"ct-image-container boundless-image\" href=\"https:\/\/bilgelikprogrami.com\/en\/emekli-ogretmen-olan-nuran-kiraz-fidanlik-ve-fatma-ekinci\/\" aria-label=\"Retired teachers Nuran Kiraz Fidanl\u0131k and Fatma Ekinci:\" tabindex=\"-1\"><img loading=\"lazy\" decoding=\"async\" width=\"768\" height=\"756\" src=\"https:\/\/bilgelikprogrami.com\/en\/wp-content\/uploads\/2023\/04\/foto-6-768x756.png\" class=\"attachment-medium_large size-medium_large wp-post-image\" alt=\"\" srcset=\"https:\/\/bilgelikprogrami.com\/en\/wp-content\/uploads\/2023\/04\/foto-6-768x756.png 768w, https:\/\/bilgelikprogrami.com\/en\/wp-content\/uploads\/2023\/04\/foto-6-300x295.png 300w, https:\/\/bilgelikprogrami.com\/en\/wp-content\/uploads\/2023\/04\/foto-6.png 975w\" sizes=\"auto, (max-width: 768px) 100vw, 768px\" itemprop=\"image\" style=\"aspect-ratio: 4\/3;\" \/><\/a><ul class=\"entry-meta\" data-type=\"simple:slash\"  ><li class=\"meta-date\" itemprop=\"datePublished\" ><time class=\"ct-meta-element-date\" datetime=\"2023-07-07T15:19:29+03:00\" >7 July 2023<\/time><\/li><\/ul>\n\t<h2 class=\"entry-title\">\n\t\t<a href=\"https:\/\/bilgelikprogrami.com\/en\/emekli-ogretmen-olan-nuran-kiraz-fidanlik-ve-fatma-ekinci\/\" rel=\"bookmark\">\n\t\t\tRetired teachers Nuran Kiraz Fidanl\u0131k and Fatma Ekinci:\t\t<\/a>\n\t<\/h2>\n\n\t<div class=\"entry-excerpt\" ><p>Retired teachers Nuran Kiraz Fidanl\u0131k and Fatma Ekinci: Nuran Kiraz Fidanl\u0131k and\u2026<\/p>\n<\/div><a class=\"entry-button\" data-type=\"simple\" href=\"https:\/\/bilgelikprogrami.com\/en\/emekli-ogretmen-olan-nuran-kiraz-fidanlik-ve-fatma-ekinci\/\" >Read More<\/a><\/article><article id=\"post-1565\" class=\"entry-card post-1565 post type-post status-publish format-standard has-post-thumbnail hentry category-ogrenciler\" ><a class=\"ct-image-container boundless-image\" href=\"https:\/\/bilgelikprogrami.com\/en\/emekli-gazeteci-metin-dirim\/\" aria-label=\"Retired journalist Metin Dirim\" tabindex=\"-1\"><img loading=\"lazy\" decoding=\"async\" width=\"768\" height=\"756\" src=\"https:\/\/bilgelikprogrami.com\/en\/wp-content\/uploads\/2023\/04\/foto-6-768x756.png\" class=\"attachment-medium_large size-medium_large wp-post-image\" alt=\"\" srcset=\"https:\/\/bilgelikprogrami.com\/en\/wp-content\/uploads\/2023\/04\/foto-6-768x756.png 768w, https:\/\/bilgelikprogrami.com\/en\/wp-content\/uploads\/2023\/04\/foto-6-300x295.png 300w, https:\/\/bilgelikprogrami.com\/en\/wp-content\/uploads\/2023\/04\/foto-6.png 975w\" sizes=\"auto, (max-width: 768px) 100vw, 768px\" itemprop=\"image\" style=\"aspect-ratio: 4\/3;\" \/><\/a><ul class=\"entry-meta\" data-type=\"simple:slash\"  ><li class=\"meta-date\" itemprop=\"datePublished\" ><time class=\"ct-meta-element-date\" datetime=\"2023-07-07T15:19:05+03:00\" >7 July 2023<\/time><\/li><\/ul>\n\t<h2 class=\"entry-title\">\n\t\t<a href=\"https:\/\/bilgelikprogrami.com\/en\/emekli-gazeteci-metin-dirim\/\" rel=\"bookmark\">\n\t\t\tRetired journalist Metin Dirim\t\t<\/a>\n\t<\/h2>\n\n\t<div class=\"entry-excerpt\" ><p>Retired journalist Metin Dirim says: &#8220;Universities are the places with the highest\u2026<\/p>\n<\/div><a class=\"entry-button\" data-type=\"simple\" href=\"https:\/\/bilgelikprogrami.com\/en\/emekli-gazeteci-metin-dirim\/\" >Read More<\/a><\/article><article id=\"post-1563\" class=\"entry-card post-1563 post type-post status-publish format-standard has-post-thumbnail hentry category-ogrenciler\" ><a class=\"ct-image-container boundless-image\" href=\"https:\/\/bilgelikprogrami.com\/en\/emekli-eczaci-ismail-gurcuoglu\/\" aria-label=\"Retired pharmacist Ismail G\u00fcrc\u00fco\u011flu:\" tabindex=\"-1\"><img loading=\"lazy\" decoding=\"async\" width=\"768\" height=\"756\" src=\"https:\/\/bilgelikprogrami.com\/en\/wp-content\/uploads\/2023\/04\/foto-6-768x756.png\" class=\"attachment-medium_large size-medium_large wp-post-image\" alt=\"\" srcset=\"https:\/\/bilgelikprogrami.com\/en\/wp-content\/uploads\/2023\/04\/foto-6-768x756.png 768w, https:\/\/bilgelikprogrami.com\/en\/wp-content\/uploads\/2023\/04\/foto-6-300x295.png 300w, https:\/\/bilgelikprogrami.com\/en\/wp-content\/uploads\/2023\/04\/foto-6.png 975w\" sizes=\"auto, (max-width: 768px) 100vw, 768px\" itemprop=\"image\" style=\"aspect-ratio: 4\/3;\" \/><\/a><ul class=\"entry-meta\" data-type=\"simple:slash\"  ><li class=\"meta-date\" itemprop=\"datePublished\" ><time class=\"ct-meta-element-date\" datetime=\"2023-07-07T15:18:30+03:00\" >7 July 2023<\/time><\/li><\/ul>\n\t<h2 class=\"entry-title\">\n\t\t<a href=\"https:\/\/bilgelikprogrami.com\/en\/emekli-eczaci-ismail-gurcuoglu\/\" rel=\"bookmark\">\n\t\t\tRetired pharmacist Ismail G\u00fcrc\u00fco\u011flu:\t\t<\/a>\n\t<\/h2>\n\n\t<div class=\"entry-excerpt\" ><p>Retired pharmacist Ismail G\u00fcrc\u00fco\u011flu says: &#8220;Through our friends, we learned about such\u2026<\/p>\n<\/div><a class=\"entry-button\" data-type=\"simple\" href=\"https:\/\/bilgelikprogrami.com\/en\/emekli-eczaci-ismail-gurcuoglu\/\" >Read More<\/a><\/article><\/div><\/div><\/div>\n\t\t\t\t<\/div>\n\t\t\t\t<\/div>\n\t\t\t\t\t<\/div>\n\t\t\t\t<\/div>\n\t\t<div class=\"elementor-element elementor-element-4584437 e-con-boxed e-con\" data-id=\"4584437\" data-element_type=\"container\" data-settings=\"{&quot;content_width&quot;:&quot;boxed&quot;}\">\n\t\t\t\t\t<div class=\"e-con-inner\">\n\t\t\t\t<div class=\"elementor-element elementor-element-2ca2d9f elementor-widget elementor-widget-html\" data-id=\"2ca2d9f\" data-element_type=\"widget\" data-widget_type=\"html.default\">\n\t\t\t\t<div class=\"elementor-widget-container\">\n\t\t\t<style>\n    .entry-card{\n        background-color: #f2f2f2 !important;\n    }\n      .entry-card h2, p,li{\n        color: #242424 !important;\n    }\n<\/style>\t\t<\/div>\n\t\t\t\t<\/div>\n\t\t\t\t\t<\/div>\n\t\t\t\t<\/div>\n\t\t\t\t\t\t\t<\/div>\n\t\t","protected":false},"excerpt":{"rendered":"<p>Messages From Our Students<\/p>\n","protected":false},"author":1,"featured_media":1167,"parent":0,"menu_order":0,"comment_status":"closed","ping_status":"closed","template":"","meta":{"footnotes":""},"class_list":["post-1815","page","type-page","status-publish","has-post-thumbnail","hentry"],"blocksy_meta":{"has_hero_section":"disabled"},"_links":{"self":[{"href":"https:\/\/bilgelikprogrami.com\/en\/wp-json\/wp\/v2\/pages\/1815","targetHints":{"allow":["GET"]}}],"collection":[{"href":"https:\/\/bilgelikprogrami.com\/en\/wp-json\/wp\/v2\/pages"}],"about":[{"href":"https:\/\/bilgelikprogrami.com\/en\/wp-json\/wp\/v2\/types\/page"}],"author":[{"embeddable":true,"href":"https:\/\/bilgelikprogrami.com\/en\/wp-json\/wp\/v2\/users\/1"}],"replies":[{"embeddable":true,"href":"https:\/\/bilgelikprogrami.com\/en\/wp-json\/wp\/v2\/comments?post=1815"}],"version-history":[{"count":28,"href":"https:\/\/bilgelikprogrami.com\/en\/wp-json\/wp\/v2\/pages\/1815\/revisions"}],"predecessor-version":[{"id":2087,"href":"https:\/\/bilgelikprogrami.com\/en\/wp-json\/wp\/v2\/pages\/1815\/revisions\/2087"}],"wp:featuredmedia":[{"embeddable":true,"href":"https:\/\/bilgelikprogrami.com\/en\/wp-json\/wp\/v2\/media\/1167"}],"wp:attachment":[{"href":"https:\/\/bilgelikprogrami.com\/en\/wp-json\/wp\/v2\/media?parent=1815"}],"curies":[{"name":"wp","href":"https:\/\/api.w.org\/{rel}","templated":true}]}}